{"id":72,"date":"2021-07-23T15:52:39","date_gmt":"2021-07-23T13:52:39","guid":{"rendered":"https:\/\/nomadavillas.com\/sicilia\/?page_id=72"},"modified":"2022-08-05T20:45:16","modified_gmt":"2022-08-05T18:45:16","slug":"scicli-il-barocco-in-sicilia","status":"publish","type":"page","link":"https:\/\/nomadavillas.com\/sicilia\/scicli-il-barocco-in-sicilia\/","title":{"rendered":"Scicli, tra Barocco e \u00a0spiagge"},"content":{"rendered":"[vc_row type=&#8221;full_width_background&#8221; full_screen_row_position=&#8221;middle&#8221; column_margin=&#8221;default&#8221; column_direction=&#8221;default&#8221; column_direction_tablet=&#8221;default&#8221; column_direction_phone=&#8221;default&#8221; scene_position=&#8221;center&#8221; text_color=&#8221;dark&#8221; text_align=&#8221;left&#8221; row_border_radius=&#8221;none&#8221; row_border_radius_applies=&#8221;bg&#8221; overlay_strength=&#8221;0.3&#8243; gradient_direction=&#8221;left_to_right&#8221; shape_divider_position=&#8221;bottom&#8221; bg_image_animation=&#8221;none&#8221; shape_type=&#8221;&#8221;][vc_column column_padding=&#8221;no-extra-padding&#8221; column_padding_tablet=&#8221;inherit&#8221; column_padding_phone=&#8221;inherit&#8221; column_padding_position=&#8221;all&#8221; column_element_spacing=&#8221;default&#8221; background_color_opacity=&#8221;1&#8243; background_hover_color_opacity=&#8221;1&#8243; column_shadow=&#8221;none&#8221; column_border_radius=&#8221;none&#8221; column_link_target=&#8221;_self&#8221; gradient_direction=&#8221;left_to_right&#8221; overlay_strength=&#8221;0.3&#8243; width=&#8221;1\/1&#8243; tablet_width_inherit=&#8221;default&#8221; tablet_text_alignment=&#8221;default&#8221; phone_text_alignment=&#8221;default&#8221; bg_image_animation=&#8221;none&#8221; border_type=&#8221;simple&#8221; column_border_width=&#8221;none&#8221; column_border_style=&#8221;solid&#8221;]\n\t\t\t<!-- START Scicli REVOLUTION SLIDER 6.4.10 --><p class=\"rs-p-wp-fix\"><\/p>\n\t\t\t<rs-module-wrap id=\"rev_slider_2_1_wrapper\" data-source=\"gallery\" style=\"background:transparent;padding:0;margin:0px auto;margin-top:0;margin-bottom:0;\">\n\t\t\t\t<rs-module id=\"rev_slider_2_1\" style=\"\" data-version=\"6.4.10\">\n\t\t\t\t\t<rs-slides>\n\t\t\t\t\t\t<rs-slide data-key=\"rs-17\" data-title=\"Slide\" data-filter=\"e:late;\" data-in=\"o:0;\" data-out=\"a:false;\">\n\t\t\t\t\t\t\t<img src=\"\/\/nomadavillas.com\/sicilia\/wp-content\/plugins\/revslider\/public\/assets\/assets\/dummy.png\" title=\"0B205874-2BBE-4A70-B981-752C9618E62B_1_105_c\" width=\"1024\" height=\"768\" class=\"rev-slidebg tp-rs-img rs-lazyload\" data-lazyload=\"\/\/nomadavillas.com\/sicilia\/wp-content\/uploads\/sites\/3\/2021\/11\/0B205874-2BBE-4A70-B981-752C9618E62B_1_105_c.jpeg\" data-panzoom=\"d:10000;ss:100;se:107%;\" data-no-retina>\n<!---->\t\t\t\t\t\t<\/rs-slide>\n\t\t\t\t\t\t<rs-slide data-key=\"rs-13\" data-title=\"Slide\" data-filter=\"e:late;\" data-in=\"o:0;\" data-out=\"a:false;\">\n\t\t\t\t\t\t\t<img src=\"\/\/nomadavillas.com\/sicilia\/wp-content\/plugins\/revslider\/public\/assets\/assets\/dummy.png\" title=\"993EB6E2-014C-4F33-B388-68E74A144900_1_105_c\" width=\"886\" height=\"886\" class=\"rev-slidebg tp-rs-img rs-lazyload\" data-lazyload=\"\/\/nomadavillas.com\/sicilia\/wp-content\/uploads\/sites\/3\/2021\/11\/993EB6E2-014C-4F33-B388-68E74A144900_1_105_c.jpeg\" data-panzoom=\"d:10000;ss:100;se:105%;\" data-no-retina>\n<!--\n\t\t\t\t\t\t\t--><rs-layer\n\t\t\t\t\t\t\t\tid=\"slider-2-slide-13-layer-1\" \n\t\t\t\t\t\t\t\tdata-type=\"text\"\n\t\t\t\t\t\t\t\tdata-color=\"#ffffff\"\n\t\t\t\t\t\t\t\tdata-tsh=\"c:#000000;h:1px;v:1px;b:5px;\"\n\t\t\t\t\t\t\t\tdata-rsp_ch=\"on\"\n\t\t\t\t\t\t\t\tdata-xy=\"x:32px;y:749px;\"\n\t\t\t\t\t\t\t\tdata-text=\"w:normal;s:50;l:55;fw:500;\"\n\t\t\t\t\t\t\t\tdata-frame_0=\"x:-1000px;\"\n\t\t\t\t\t\t\t\tdata-frame_1=\"sp:1500;\"\n\t\t\t\t\t\t\t\tdata-frame_999=\"x:1px;y:0px;o:0;st:w;sR:3000;\"\n\t\t\t\t\t\t\t\tstyle=\"z-index:5;font-family:Playfair Display;\"\n\t\t\t\t\t\t\t> \n\t\t\t\t\t\t\t<\/rs-layer><!--\n-->\t\t\t\t\t\t<\/rs-slide>\n\t\t\t\t\t\t<rs-slide data-key=\"rs-11\" data-title=\"Slide\" data-in=\"o:0;\" data-out=\"a:false;\">\n\t\t\t\t\t\t\t<img src=\"\/\/nomadavillas.com\/sicilia\/wp-content\/plugins\/revslider\/public\/assets\/assets\/dummy.png\" title=\"32601B9F-E5D7-4082-A18E-C8A0365FDCDB_1_105_c\" width=\"1024\" height=\"768\" class=\"rev-slidebg tp-rs-img rs-lazyload\" data-lazyload=\"\/\/nomadavillas.com\/sicilia\/wp-content\/uploads\/sites\/3\/2021\/11\/32601B9F-E5D7-4082-A18E-C8A0365FDCDB_1_105_c.jpeg\" data-panzoom=\"d:10000;ss:100;se:107%;\" data-no-retina>\n<!---->\t\t\t\t\t\t<\/rs-slide>\n\t\t\t\t\t\t<rs-slide data-key=\"rs-12\" data-title=\"Slide\" data-filter=\"e:late;\" data-in=\"o:0;\" data-out=\"a:false;\">\n\t\t\t\t\t\t\t<img src=\"\/\/nomadavillas.com\/sicilia\/wp-content\/plugins\/revslider\/public\/assets\/assets\/dummy.png\" title=\"E84AE32A-CA12-4C21-B96C-F159130ED97F_1_105_c\" width=\"1086\" height=\"724\" class=\"rev-slidebg tp-rs-img rs-lazyload\" data-lazyload=\"\/\/nomadavillas.com\/sicilia\/wp-content\/uploads\/sites\/3\/2021\/10\/E84AE32A-CA12-4C21-B96C-F159130ED97F_1_105_c.jpeg\" data-panzoom=\"d:10000;ss:100;se:107%;\" data-no-retina>\n<!---->\t\t\t\t\t\t<\/rs-slide>\n\t\t\t\t\t\t<rs-slide data-key=\"rs-15\" data-title=\"Slide\" data-filter=\"e:late;\" data-in=\"o:0;\" data-out=\"a:false;\">\n\t\t\t\t\t\t\t<img src=\"\/\/nomadavillas.com\/sicilia\/wp-content\/plugins\/revslider\/public\/assets\/assets\/dummy.png\" title=\"4635A1D9-1AB0-408D-B04B-2F20AC275E1A_1_105_c\" width=\"1024\" height=\"768\" class=\"rev-slidebg tp-rs-img rs-lazyload\" data-lazyload=\"\/\/nomadavillas.com\/sicilia\/wp-content\/uploads\/sites\/3\/2021\/09\/4635A1D9-1AB0-408D-B04B-2F20AC275E1A_1_105_c.jpeg\" data-panzoom=\"d:10000;ss:100;se:105%;\" data-no-retina>\n<!---->\t\t\t\t\t\t<\/rs-slide>\n\t\t\t\t\t<\/rs-slides>\n\t\t\t\t<\/rs-module>\n\t\t\t\t<script type=\"text\/javascript\">\n\t\t\t\t\tsetREVStartSize({c: 'rev_slider_2_1',rl:[1240,1024,778,480],el:[900],gw:[1240],gh:[900],type:'standard',justify:'',layout:'fullwidth',mh:\"0\"});\n\t\t\t\t\tvar\trevapi2,\n\t\t\t\t\t\ttpj;\n\t\t\t\t\tfunction revinit_revslider21() {\n\t\t\t\t\tjQuery(function() {\n\t\t\t\t\t\ttpj = jQuery;\n\t\t\t\t\t\trevapi2 = tpj(\"#rev_slider_2_1\");\n\t\t\t\t\t\tif(revapi2==undefined || revapi2.revolution == undefined){\n\t\t\t\t\t\t\trevslider_showDoubleJqueryError(\"rev_slider_2_1\");\n\t\t\t\t\t\t}else{\n\t\t\t\t\t\t\trevapi2.revolution({\n\t\t\t\t\t\t\t\tDPR:\"dpr\",\n\t\t\t\t\t\t\t\tsliderLayout:\"fullwidth\",\n\t\t\t\t\t\t\t\tduration:\"4000ms\",\n\t\t\t\t\t\t\t\tvisibilityLevels:\"1240,1024,778,480\",\n\t\t\t\t\t\t\t\tgridwidth:1240,\n\t\t\t\t\t\t\t\tgridheight:900,\n\t\t\t\t\t\t\t\tlazyType:\"smart\",\n\t\t\t\t\t\t\t\tspinner:\"spinner5\",\n\t\t\t\t\t\t\t\tperspective:600,\n\t\t\t\t\t\t\t\tperspectiveType:\"global\",\n\t\t\t\t\t\t\t\teditorheight:\"900,768,960,720\",\n\t\t\t\t\t\t\t\tresponsiveLevels:\"1240,1024,778,480\",\n\t\t\t\t\t\t\t\tprogressBar:{disableProgressBar:true},\n\t\t\t\t\t\t\t\tnavigation: {\n\t\t\t\t\t\t\t\t\tonHoverStop:false\n\t\t\t\t\t\t\t\t},\n\t\t\t\t\t\t\t\tfallbacks: {\n\t\t\t\t\t\t\t\t\tallowHTML5AutoPlayOnAndroid:true\n\t\t\t\t\t\t\t\t},\n\t\t\t\t\t\t\t});\n\t\t\t\t\t\t}\n\t\t\t\t\t\t\n\t\t\t\t\t});\n\t\t\t\t\t} \/\/ End of RevInitScript\n\t\t\t\tvar once_revslider21 = false;\n\t\t\t\tif (document.readyState === \"loading\") {document.addEventListener('readystatechange',function() { if((document.readyState === \"interactive\" || document.readyState === \"complete\") && !once_revslider21 ) { once_revslider21 = true; revinit_revslider21();}});} else {once_revslider21 = true; revinit_revslider21();}\n\t\t\t\t<\/script>\n\t\t\t<\/rs-module-wrap>\n\t\t\t<!-- END REVOLUTION SLIDER -->\n[\/vc_column][\/vc_row][vc_row type=&#8221;in_container&#8221; full_screen_row_position=&#8221;middle&#8221; column_margin=&#8221;default&#8221; column_direction=&#8221;default&#8221; column_direction_tablet=&#8221;default&#8221; column_direction_phone=&#8221;default&#8221; scene_position=&#8221;center&#8221; text_color=&#8221;dark&#8221; text_align=&#8221;left&#8221; row_border_radius=&#8221;none&#8221; row_border_radius_applies=&#8221;bg&#8221; overlay_strength=&#8221;0.3&#8243; gradient_direction=&#8221;left_to_right&#8221; shape_divider_position=&#8221;bottom&#8221; bg_image_animation=&#8221;none&#8221;][vc_column column_padding=&#8221;no-extra-padding&#8221; column_padding_tablet=&#8221;inherit&#8221; column_padding_phone=&#8221;inherit&#8221; column_padding_position=&#8221;all&#8221; column_element_spacing=&#8221;default&#8221; background_color_opacity=&#8221;1&#8243; background_hover_color_opacity=&#8221;1&#8243; column_shadow=&#8221;none&#8221; column_border_radius=&#8221;none&#8221; column_link_target=&#8221;_self&#8221; gradient_direction=&#8221;left_to_right&#8221; overlay_strength=&#8221;0.3&#8243; width=&#8221;1\/1&#8243; tablet_width_inherit=&#8221;default&#8221; tablet_text_alignment=&#8221;default&#8221; phone_text_alignment=&#8221;default&#8221; bg_image_animation=&#8221;none&#8221; border_type=&#8221;simple&#8221; column_border_width=&#8221;none&#8221; column_border_style=&#8221;solid&#8221;][vc_row_inner column_margin=&#8221;default&#8221; column_direction=&#8221;default&#8221; column_direction_tablet=&#8221;default&#8221; column_direction_phone=&#8221;default&#8221; text_align=&#8221;left&#8221;][vc_column_inner column_padding=&#8221;no-extra-padding&#8221; column_padding_tablet=&#8221;inherit&#8221; column_padding_phone=&#8221;inherit&#8221; column_padding_position=&#8221;all&#8221; column_element_spacing=&#8221;default&#8221; background_color_opacity=&#8221;1&#8243; background_hover_color_opacity=&#8221;1&#8243; column_shadow=&#8221;none&#8221; column_border_radius=&#8221;none&#8221; column_link_target=&#8221;_self&#8221; gradient_direction=&#8221;left_to_right&#8221; overlay_strength=&#8221;0.3&#8243; width=&#8221;1\/1&#8243; tablet_width_inherit=&#8221;default&#8221; bg_image_animation=&#8221;none&#8221; border_type=&#8221;simple&#8221; column_border_width=&#8221;none&#8221; column_border_style=&#8221;solid&#8221;][divider line_type=&#8221;No Line&#8221; custom_height=&#8221;100&#8243;][vc_column_text css_animation=&#8221;fadeIn&#8221;]\n<h1 style=\"text-align: center; color: black; font-size: 4rem; line-height: 4rem;\">Scicli, tra Barocco e\u00a0spiagge<\/h1>\n[\/vc_column_text][vc_column_text css_animation=&#8221;fadeIn&#8221;]\n<h2 style=\"text-align: center; color: black; font-size: 2.5rem;\">dicono di lei&#8230;<\/h2>\n[\/vc_column_text][divider line_type=&#8221;No Line&#8221; custom_height=&#8221;100&#8243;][\/vc_column_inner][\/vc_row_inner][\/vc_column][vc_column column_padding=&#8221;no-extra-padding&#8221; column_padding_tablet=&#8221;inherit&#8221; column_padding_phone=&#8221;inherit&#8221; column_padding_position=&#8221;all&#8221; column_element_spacing=&#8221;default&#8221; background_color_opacity=&#8221;1&#8243; background_hover_color_opacity=&#8221;1&#8243; column_shadow=&#8221;none&#8221; column_border_radius=&#8221;none&#8221; column_link_target=&#8221;_self&#8221; gradient_direction=&#8221;left_to_right&#8221; overlay_strength=&#8221;0.3&#8243; width=&#8221;1\/1&#8243; tablet_width_inherit=&#8221;default&#8221; tablet_text_alignment=&#8221;default&#8221; phone_text_alignment=&#8221;default&#8221; bg_image_animation=&#8221;none&#8221; border_type=&#8221;simple&#8221; column_border_width=&#8221;none&#8221; column_border_style=&#8221;solid&#8221;][\/vc_column][\/vc_row][vc_row type=&#8221;in_container&#8221; full_screen_row_position=&#8221;middle&#8221; column_margin=&#8221;default&#8221; column_direction=&#8221;default&#8221; column_direction_tablet=&#8221;default&#8221; column_direction_phone=&#8221;default&#8221; scene_position=&#8221;center&#8221; text_color=&#8221;dark&#8221; text_align=&#8221;left&#8221; row_border_radius=&#8221;none&#8221; row_border_radius_applies=&#8221;bg&#8221; overlay_strength=&#8221;0.3&#8243; gradient_direction=&#8221;left_to_right&#8221; shape_divider_position=&#8221;bottom&#8221; bg_image_animation=&#8221;none&#8221;][vc_column column_padding=&#8221;no-extra-padding&#8221; column_padding_tablet=&#8221;inherit&#8221; column_padding_phone=&#8221;inherit&#8221; column_padding_position=&#8221;all&#8221; column_element_spacing=&#8221;default&#8221; background_color_opacity=&#8221;1&#8243; background_hover_color_opacity=&#8221;1&#8243; column_shadow=&#8221;none&#8221; column_border_radius=&#8221;none&#8221; column_link_target=&#8221;_self&#8221; gradient_direction=&#8221;left_to_right&#8221; overlay_strength=&#8221;0.3&#8243; width=&#8221;1\/1&#8243; tablet_width_inherit=&#8221;default&#8221; tablet_text_alignment=&#8221;default&#8221; phone_text_alignment=&#8221;default&#8221; bg_image_animation=&#8221;none&#8221; border_type=&#8221;simple&#8221; column_border_width=&#8221;none&#8221; column_border_style=&#8221;solid&#8221;][vc_row_inner column_margin=&#8221;40px&#8221; column_direction=&#8221;default&#8221; column_direction_tablet=&#8221;default&#8221; column_direction_phone=&#8221;default&#8221; text_align=&#8221;left&#8221;][vc_column_inner column_padding=&#8221;no-extra-padding&#8221; column_padding_tablet=&#8221;inherit&#8221; column_padding_phone=&#8221;inherit&#8221; column_padding_position=&#8221;all&#8221; column_element_spacing=&#8221;default&#8221; background_color_opacity=&#8221;1&#8243; background_hover_color_opacity=&#8221;1&#8243; column_shadow=&#8221;none&#8221; column_border_radius=&#8221;none&#8221; column_link_target=&#8221;_self&#8221; gradient_direction=&#8221;left_to_right&#8221; overlay_strength=&#8221;0.3&#8243; width=&#8221;1\/2&#8243; tablet_width_inherit=&#8221;default&#8221; bg_image_animation=&#8221;none&#8221; border_type=&#8221;simple&#8221; column_border_width=&#8221;none&#8221; column_border_style=&#8221;solid&#8221;][vc_column_text]<span style=\"font-weight: 400;\"><em>Scicli &#8220;sorge all\u2019incrocio di tre valloni, con case da ogni parte su per i dirupi, una grande piazza in basso a cavallo del letto di una fiumara, e antichi fabbricati ecclesiastici che coronano in pi\u00f9 punti, come acropoli barocche, il semicerchio delle altitudini.<\/em><\/span><\/p>\n<p><span style=\"font-weight: 400;\"><em>Scicli \u00e8 la pi\u00f9 bella citt\u00e0 che abbiamo mai vista (&#8230;). Forse \u00e8 la pi\u00f9 bella citt\u00e0 del mondo. e la gente \u00e8 contenta nelle citt\u00e0 che sono belle<\/em>\u201d E. Vittorini<\/span><\/p>\n<p><span style=\"font-weight: 400;\">\u00a0Magari lo scrittore avr\u00e0 esagerato un po\u2019 ma&#8230;<\/span> Scicli<b> \u00e8 davvero <\/b>bella[\/vc_column_text][image_with_animation image_url=&#8221;124&#8243; animation=&#8221;Fade In&#8221; hover_animation=&#8221;none&#8221; alignment=&#8221;center&#8221; border_radius=&#8221;none&#8221; box_shadow=&#8221;none&#8221; image_loading=&#8221;default&#8221; max_width=&#8221;100%&#8221; max_width_mobile=&#8221;default&#8221;][vc_column_text]<span style=\"font-weight: 400;\">Sar\u00e0 il clima, sar\u00e0 il sapore genuino della sua cucina, saranno gli aperitivi sorseggiati pigramente durante \u201dl\u2019<\/span><b>ora blu\u201d<\/b><span style=\"font-weight: 400;\"> , quel momento immediatamente successivo al tramonto che fa risaltare meravigliosamente le sue chiese e i suoi palazzi\u00a0 barocchi, ma <\/span><b>Scicli<\/b><span style=\"font-weight: 400;\"> ti conquista e ti fa venire voglia di tornare.<\/span><\/p>\n[\/vc_column_text][vc_column_text]Inoltre, Scicli \u00e8 uno dei luoghi della Sicilia che hanno fatto da ambientazione alla riprese delle serie TV &#8220;Il commissario Montalbano&#8221; e &#8220;Il giovane Montalbano&#8221; (2012-2015), tratte dai fortunati romanzi di\u00a0Andrea Camilleri.<br \/>\nIl palazzo del Commissariato di\u00a0Vigata\u00a0\u00e8 nella realt\u00e0 il municipio di Scicli e la stanza del questore \u00e8 l&#8217;ufficio del sindaco di Scicli.<br \/>\nQueste fiction hanno avuto tantissimo successo e hanno fatto conoscere i bellissimi luoghi della Sicilia Sud Orientale, della provincia di Ragusa in particolare, infatti Marinella la casa del Commissario Montalbano si trova a Punta Secca, frazione balneare borgo piccolo di pescatori del comune di Santa Croce Camerina provincia di Ragusa. Quasi tutti i luoghi delle riprese della fiction sono in territorio Ragusano, come la Fornace Penna a Sampieri frazione del Comune di Scicli, e le tante bellissime spiagge del territorio sciclitano, oramai famose e visitate da tanti turisti incantati dai luoghi principali della fiction.[\/vc_column_text][\/vc_column_inner][vc_column_inner column_padding=&#8221;no-extra-padding&#8221; column_padding_tablet=&#8221;inherit&#8221; column_padding_phone=&#8221;inherit&#8221; column_padding_position=&#8221;all&#8221; column_element_spacing=&#8221;default&#8221; background_color_opacity=&#8221;1&#8243; background_hover_color_opacity=&#8221;1&#8243; column_shadow=&#8221;none&#8221; column_border_radius=&#8221;none&#8221; column_link_target=&#8221;_self&#8221; gradient_direction=&#8221;left_to_right&#8221; overlay_strength=&#8221;0.3&#8243; width=&#8221;1\/2&#8243; tablet_width_inherit=&#8221;default&#8221; bg_image_animation=&#8221;none&#8221; border_type=&#8221;simple&#8221; column_border_width=&#8221;none&#8221; column_border_style=&#8221;solid&#8221;][vc_column_text]Vieni a marzo per la cavalcata di S.Giuseppe, processione di cavalieri e cavalli bardati con manti di violacciocche e gigli selvatici.<\/p>\n<p>Vieni a Pasqua, per la festa del &#8220;Gioia&#8221;, l&#8217;Uomo Vivo la cui statua lignea viene portata in processione e fatta ondeggiare e ballare in segno di gioia per tutto il giorno fino a tarda sera.<\/p>\n<p>Vieni a maggio per la festa delle Milizie, rievocazione della battaglia tra Saraceni e Cristiani e vedrai una Madonna guerriera con la spada in sella ad un cavallo bianco.<\/p>\n<p>E poi il Carnevale, il Natale con il \u00a0suggestivo presepe vivente, l&#8217;Immacolata e le canzoncine cantate dai bambini. E poi la sagra della seppia, quella del pomodoro, il Basole di Luce festival, la Taranta Sicily fest&#8230;.<\/p>\n<p>Insomma, ogni scusa \u00e8 buona per tornare a Scicli.[\/vc_column_text][vc_gallery type=&#8221;image_grid&#8221; images=&#8221;21,108,124,125,104,148,149,150,151&#8243; image_grid_loading=&#8221;default&#8221; layout=&#8221;3&#8243; masonry_style=&#8221;true&#8221; bypass_image_cropping=&#8221;true&#8221; item_spacing=&#8221;2px&#8221; gallery_style=&#8221;7&#8243; load_in_animation=&#8221;none&#8221; img_size=&#8221;full&#8221;][vc_column_text][\/vc_column_text][\/vc_column_inner][\/vc_row_inner][\/vc_column][\/vc_row]\n","protected":false},"excerpt":{"rendered":"<p>[vc_row type=&#8221;full_width_background&#8221; full_screen_row_position=&#8221;middle&#8221; column_margin=&#8221;default&#8221; column_direction=&#8221;default&#8221; column_direction_tablet=&#8221;default&#8221; column_direction_phone=&#8221;default&#8221; scene_position=&#8221;center&#8221; text_color=&#8221;dark&#8221; text_align=&#8221;left&#8221; row_border_radius=&#8221;none&#8221; row_border_radius_applies=&#8221;bg&#8221; overlay_strength=&#8221;0.3&#8243; gradient_direction=&#8221;left_to_right&#8221; shape_divider_position=&#8221;bottom&#8221; bg_image_animation=&#8221;none&#8221; shape_type=&#8221;&#8221;][vc_column column_padding=&#8221;no-extra-padding&#8221; column_padding_tablet=&#8221;inherit&#8221; column_padding_phone=&#8221;inherit&#8221; column_padding_position=&#8221;all&#8221; column_element_spacing=&#8221;default&#8221; background_color_opacity=&#8221;1&#8243; background_hover_color_opacity=&#8221;1&#8243; column_shadow=&#8221;none&#8221; column_border_radius=&#8221;none&#8221; column_link_target=&#8221;_self&#8221; gradient_direction=&#8221;left_to_right&#8221; overlay_strength=&#8221;0.3&#8243; width=&#8221;1\/1&#8243;&#8230;<\/p>\n","protected":false},"author":1,"featured_media":0,"parent":0,"menu_order":0,"comment_status":"closed","ping_status":"closed","template":"","meta":[],"_links":{"self":[{"href":"https:\/\/nomadavillas.com\/sicilia\/wp-json\/wp\/v2\/pages\/72"}],"collection":[{"href":"https:\/\/nomadavillas.com\/sicilia\/wp-json\/wp\/v2\/pages"}],"about":[{"href":"https:\/\/nomadavillas.com\/sicilia\/wp-json\/wp\/v2\/types\/page"}],"author":[{"embeddable":true,"href":"https:\/\/nomadavillas.com\/sicilia\/wp-json\/wp\/v2\/users\/1"}],"replies":[{"embeddable":true,"href":"https:\/\/nomadavillas.com\/sicilia\/wp-json\/wp\/v2\/comments?post=72"}],"version-history":[{"count":27,"href":"https:\/\/nomadavillas.com\/sicilia\/wp-json\/wp\/v2\/pages\/72\/revisions"}],"predecessor-version":[{"id":302,"href":"https:\/\/nomadavillas.com\/sicilia\/wp-json\/wp\/v2\/pages\/72\/revisions\/302"}],"wp:attachment":[{"href":"https:\/\/nomadavillas.com\/sicilia\/wp-json\/wp\/v2\/media?parent=72"}],"curies":[{"name":"wp","href":"https:\/\/api.w.org\/{rel}","templated":true}]}}